{"id":147,"date":"2023-01-23T12:31:24","date_gmt":"2023-01-23T11:31:24","guid":{"rendered":"https:\/\/bestwesternlatelier.ms.decms.eu\/alentours\/le-musee-du-fort-de-leveau-a-feignies\/"},"modified":"2023-02-13T10:49:02","modified_gmt":"2023-02-13T09:49:02","slug":"the-leveau-fort-museum-a-feignies","status":"publish","type":"page","link":"https:\/\/www.latelier117.com\/en\/surroundings\/the-leveau-fort-museum-a-feignies\/","title":{"rendered":"The Leveau Fort Museum at Feignies"},"content":{"rendered":"<p>Travel back in time and discover the daily life of WWI infantrymen in a S\u00e9r\u00e9 de Rivi\u00e8res fort system.<\/p>\n<p><a href=\"http:\/\/www.fortdeleveau.voila.net\/\" target=\"_blank\" rel=\"noopener\">www.fortdeleveau.voila.net<\/a><\/p>\n","protected":false},"excerpt":{"rendered":"<p>Travel back in time and discover the daily life of WWI infantrymen in a S\u00e9r\u00e9 de Rivi\u00e8res fort system. www.fortdeleveau.voila.net<\/p>\n","protected":false},"author":531,"featured_media":0,"parent":142,"menu_order":0,"comment_status":"closed","ping_status":"closed","template":"template-default-3.php","meta":{"footnotes":""},"class_list":["post-147","page","type-page","status-publish","hentry"],"yoast_head":"<!-- This site is optimized with the Yoast SEO plugin v26.9 - https:\/\/yoast.com\/product\/yoast-seo-wordpress\/ -->\n<title>The Leveau Fort Museum at Feignies - Best Western l\u2019Atelier 117<\/title>\n<meta name=\"description\" content=\"Travel back in time and discover the daily life of WWI infantrymen in a S\u00e9r\u00e9 de Rivi\u00e8res fort system.  www.fortdeleveau.voila.net\" \/>\n<meta name=\"robots\" content=\"index, follow, max-snippet:-1, max-image-preview:large, max-video-preview:-1\" \/>\n<link rel=\"canonical\" href=\"https:\/\/www.latelier117.com\/en\/surroundings\/the-leveau-fort-museum-a-feignies\/\" \/>\n<meta property=\"og:locale\" content=\"en_US\" \/>\n<meta property=\"og:type\" content=\"article\" \/>\n<meta property=\"og:title\" content=\"The Leveau Fort Museum at Feignies - Best Western l\u2019Atelier 117\" \/>\n<meta property=\"og:description\" content=\"Travel back in time and discover the daily life of WWI infantrymen in a S\u00e9r\u00e9 de Rivi\u00e8res fort system.  www.fortdeleveau.voila.net\" \/>\n<meta property=\"og:url\" content=\"https:\/\/www.latelier117.com\/en\/surroundings\/the-leveau-fort-museum-a-feignies\/\" \/>\n<meta property=\"og:site_name\" content=\"Best Western l\u2019Atelier 117\" \/>\n<meta property=\"article:modified_time\" content=\"2023-02-13T09:49:02+00:00\" \/>\n<meta name=\"twitter:card\" content=\"summary_large_image\" \/>\n<meta name=\"twitter:label1\" content=\"Est. reading time\" \/>\n\t<meta name=\"twitter:data1\" content=\"1 minute\" \/>\n<script type=\"application\/ld+json\" class=\"yoast-schema-graph\">{\"@context\":\"https:\/\/schema.org\",\"@graph\":[{\"@type\":\"WebPage\",\"@id\":\"https:\/\/www.latelier117.com\/en\/surroundings\/the-leveau-fort-museum-a-feignies\/\",\"url\":\"https:\/\/www.latelier117.com\/en\/surroundings\/the-leveau-fort-museum-a-feignies\/\",\"name\":\"The Leveau Fort Museum at Feignies - Best Western l\u2019Atelier 117\",\"isPartOf\":{\"@id\":\"https:\/\/www.latelier117.com\/en\/#website\"},\"datePublished\":\"2023-01-23T11:31:24+00:00\",\"dateModified\":\"2023-02-13T09:49:02+00:00\",\"description\":\"Travel back in time and discover the daily life of WWI infantrymen in a S\u00e9r\u00e9 de Rivi\u00e8res fort system. www.fortdeleveau.voila.net\",\"breadcrumb\":{\"@id\":\"https:\/\/www.latelier117.com\/en\/surroundings\/the-leveau-fort-museum-a-feignies\/#breadcrumb\"},\"inLanguage\":\"en-US\",\"potentialAction\":[{\"@type\":\"ReadAction\",\"target\":[\"https:\/\/www.latelier117.com\/en\/surroundings\/the-leveau-fort-museum-a-feignies\/\"]}]},{\"@type\":\"BreadcrumbList\",\"@id\":\"https:\/\/www.latelier117.com\/en\/surroundings\/the-leveau-fort-museum-a-feignies\/#breadcrumb\",\"itemListElement\":[{\"@type\":\"ListItem\",\"position\":1,\"name\":\"Accueil\",\"item\":\"https:\/\/www.latelier117.com\/en\/\"},{\"@type\":\"ListItem\",\"position\":2,\"name\":\"Surroundings\",\"item\":\"https:\/\/www.latelier117.com\/en\/surroundings\/\"},{\"@type\":\"ListItem\",\"position\":3,\"name\":\"The Leveau Fort Museum at Feignies\"}]},{\"@type\":\"WebSite\",\"@id\":\"https:\/\/www.latelier117.com\/en\/#website\",\"url\":\"https:\/\/www.latelier117.com\/en\/\",\"name\":\"Best Western l\u2019Atelier 117\",\"description\":\"\",\"potentialAction\":[{\"@type\":\"SearchAction\",\"target\":{\"@type\":\"EntryPoint\",\"urlTemplate\":\"https:\/\/www.latelier117.com\/en\/?s={search_term_string}\"},\"query-input\":{\"@type\":\"PropertyValueSpecification\",\"valueRequired\":true,\"valueName\":\"search_term_string\"}}],\"inLanguage\":\"en-US\"}]}<\/script>\n<!-- \/ Yoast SEO plugin. -->","yoast_head_json":{"title":"The Leveau Fort Museum at Feignies - Best Western l\u2019Atelier 117","description":"Travel back in time and discover the daily life of WWI infantrymen in a S\u00e9r\u00e9 de Rivi\u00e8res fort system.  www.fortdeleveau.voila.net","robots":{"index":"index","follow":"follow","max-snippet":"max-snippet:-1","max-image-preview":"max-image-preview:large","max-video-preview":"max-video-preview:-1"},"canonical":"https:\/\/www.latelier117.com\/en\/surroundings\/the-leveau-fort-museum-a-feignies\/","og_locale":"en_US","og_type":"article","og_title":"The Leveau Fort Museum at Feignies - Best Western l\u2019Atelier 117","og_description":"Travel back in time and discover the daily life of WWI infantrymen in a S\u00e9r\u00e9 de Rivi\u00e8res fort system.  www.fortdeleveau.voila.net","og_url":"https:\/\/www.latelier117.com\/en\/surroundings\/the-leveau-fort-museum-a-feignies\/","og_site_name":"Best Western l\u2019Atelier 117","article_modified_time":"2023-02-13T09:49:02+00:00","twitter_card":"summary_large_image","twitter_misc":{"Est. reading time":"1 minute"},"schema":{"@context":"https:\/\/schema.org","@graph":[{"@type":"WebPage","@id":"https:\/\/www.latelier117.com\/en\/surroundings\/the-leveau-fort-museum-a-feignies\/","url":"https:\/\/www.latelier117.com\/en\/surroundings\/the-leveau-fort-museum-a-feignies\/","name":"The Leveau Fort Museum at Feignies - Best Western l\u2019Atelier 117","isPartOf":{"@id":"https:\/\/www.latelier117.com\/en\/#website"},"datePublished":"2023-01-23T11:31:24+00:00","dateModified":"2023-02-13T09:49:02+00:00","description":"Travel back in time and discover the daily life of WWI infantrymen in a S\u00e9r\u00e9 de Rivi\u00e8res fort system. www.fortdeleveau.voila.net","breadcrumb":{"@id":"https:\/\/www.latelier117.com\/en\/surroundings\/the-leveau-fort-museum-a-feignies\/#breadcrumb"},"inLanguage":"en-US","potentialAction":[{"@type":"ReadAction","target":["https:\/\/www.latelier117.com\/en\/surroundings\/the-leveau-fort-museum-a-feignies\/"]}]},{"@type":"BreadcrumbList","@id":"https:\/\/www.latelier117.com\/en\/surroundings\/the-leveau-fort-museum-a-feignies\/#breadcrumb","itemListElement":[{"@type":"ListItem","position":1,"name":"Accueil","item":"https:\/\/www.latelier117.com\/en\/"},{"@type":"ListItem","position":2,"name":"Surroundings","item":"https:\/\/www.latelier117.com\/en\/surroundings\/"},{"@type":"ListItem","position":3,"name":"The Leveau Fort Museum at Feignies"}]},{"@type":"WebSite","@id":"https:\/\/www.latelier117.com\/en\/#website","url":"https:\/\/www.latelier117.com\/en\/","name":"Best Western l\u2019Atelier 117","description":"","potentialAction":[{"@type":"SearchAction","target":{"@type":"EntryPoint","urlTemplate":"https:\/\/www.latelier117.com\/en\/?s={search_term_string}"},"query-input":{"@type":"PropertyValueSpecification","valueRequired":true,"valueName":"search_term_string"}}],"inLanguage":"en-US"}]}},"acf":[],"_links":{"self":[{"href":"https:\/\/www.latelier117.com\/en\/wp-json\/wp\/v2\/pages\/147","targetHints":{"allow":["GET"]}}],"collection":[{"href":"https:\/\/www.latelier117.com\/en\/wp-json\/wp\/v2\/pages"}],"about":[{"href":"https:\/\/www.latelier117.com\/en\/wp-json\/wp\/v2\/types\/page"}],"author":[{"embeddable":true,"href":"https:\/\/www.latelier117.com\/en\/wp-json\/wp\/v2\/users\/531"}],"replies":[{"embeddable":true,"href":"https:\/\/www.latelier117.com\/en\/wp-json\/wp\/v2\/comments?post=147"}],"version-history":[{"count":0,"href":"https:\/\/www.latelier117.com\/en\/wp-json\/wp\/v2\/pages\/147\/revisions"}],"up":[{"embeddable":true,"href":"https:\/\/www.latelier117.com\/en\/wp-json\/wp\/v2\/pages\/142"}],"wp:attachment":[{"href":"https:\/\/www.latelier117.com\/en\/wp-json\/wp\/v2\/media?parent=147"}],"curies":[{"name":"wp","href":"https:\/\/api.w.org\/{rel}","templated":true}]}}