{"id":154,"date":"2023-01-18T10:46:28","date_gmt":"2023-01-18T09:46:28","guid":{"rendered":"https:\/\/bestwesternlatelier.ms.decms.eu\/mentions-legales\/"},"modified":"2023-02-13T10:58:20","modified_gmt":"2023-02-13T09:58:20","slug":"legal-notice","status":"publish","type":"page","link":"https:\/\/www.latelier117.com\/en\/legal-notice\/","title":{"rendered":"Legal notice"},"content":{"rendered":"<p align=\"left\">BEST WESTERN l\u2019Atelier 117, Maubeuge \u2013 Resthoteli\u00e8re n\u00b035<\/p>\n<p align=\"left\">Soci\u00e9t\u00e9 en nom collectif au capital de 105000 euros<\/p>\n<p align=\"left\">Avenue Jean Jaur\u00e8s \u2013 RN 49 59600 MAUBEUGE<\/p>\n<p align=\"left\">RCS 380 566 810 R.C.S. NANTERRE<\/p>\n<p align=\"left\">N\u00b0 TVA Intracom. : FR63380566810<\/p>\n<p align=\"left\">T\u00e9l. : +33 (0)3 27 62 15 00 \u2013 Fax : +33 (0)3 27 65 64 70<\/p>\n<p>La directrice de la publication est Mme Laura Gallet<\/p>\n<p align=\"left\">Adresse \u00e9lectronique : bestwestern@latelier117.com<\/p>\n<p align=\"left\">https:\/\/www.latelier117.com\/ est h\u00e9berg\u00e9 par la soci\u00e9t\u00e9 OVH 140 Quai du Sartel 59100 ROUBAIX<\/p>\n<p align=\"left\">N\u00b0 de t\u00e9l\u00e9phone : 0899 701 761<\/p>\n<p align=\"left\">https:\/\/www.latelier117.com\/ (le Site) est la propri\u00e9t\u00e9 exclusive de la soci\u00e9t\u00e9 Resthoteli\u00e8re n\u00b035. Il a \u00e9t\u00e9 con\u00e7u et r\u00e9alis\u00e9 par FASTBOOKING &amp; HED SERVICES.<\/p>\n<p align=\"left\">La consultation est subordonn\u00e9e \u00e0 l\u2019acceptation int\u00e9grale et au respect par les internautes, des conditions d\u2019utilisation suivantes.<\/p>\n<p align=\"left\">L\u2019internaute s\u2019engage d\u2019ores et d\u00e9j\u00e0 \u00e0 faire des informations contenues sur le Site un usage personnel et non commercial. En cas de non-respect des dispositions de la pr\u00e9sente Charte, par l\u2019internaute, sa responsabilit\u00e9 civile et\/ou p\u00e9nale pourrai(en)t se voir engag\u00e9e(s).<\/p>\n<p align=\"left\"><b>Contenu du Site<\/b><\/p>\n<p align=\"left\">Il est exploit\u00e9 par Resthoteli\u00e8re n\u00b035.<\/p>\n<p align=\"left\">Il pr\u00e9sente aux internautes les tarifs et les prestations de l\u2019h\u00f4tel. Il est possible d\u2019effectuer une r\u00e9servation en ligne.<\/p>\n<p align=\"left\">La pr\u00e9sentation des tarifs r\u00e9alis\u00e9s par Resthoteli\u00e8re n\u00b035 constitue une offre de contracter. Il est \u00e9galement possible de prendre directement contact avec Resthoteli\u00e8re n\u00b035 pour obtenir une offre commerciale sur mesure.<\/p>\n<p align=\"left\"><b>Propri\u00e9t\u00e9 Intellectuelle<\/b><\/p>\n<p align=\"left\">Le Site constitue une \u0153uvre dont Resthoteli\u00e8re n\u00b035 est l\u2019auteur au sens des articles L111.1 et suivants du Code de propri\u00e9t\u00e9 intellectuelle.<\/p>\n<p align=\"left\">Il est rappel\u00e9 que les photographies pr\u00e9sentes sur le Site sont consid\u00e9r\u00e9es comme des \u0153uvres de l\u2019esprit b\u00e9n\u00e9ficiant de la protection au titre du droit d\u2019auteur. Toute utilisation non autoris\u00e9e de l\u2019une ou l\u2019autre des photographies est constitutif d\u2019un acte de contrefa\u00e7on comme le pr\u00e9voit l\u2019article L335-3 du Code de la propri\u00e9t\u00e9 intellectuelle<\/p>\n<p align=\"left\">De mani\u00e8re g\u00e9n\u00e9rale, les donn\u00e9es, les programmes, les \u00e9chantillons musicaux, les textes, les informations, les logos, les identit\u00e9s visuelles, les images anim\u00e9es ou non et leurs mises en forme apparaissant sur le Site sont la propri\u00e9t\u00e9 de La Resthoteli\u00e8re n\u00b035 et sont prot\u00e9g\u00e9es \u00e0 ce titre par les dispositions du Code de la propri\u00e9t\u00e9 intellectuelle.<\/p>\n<p align=\"left\">Tout internaute s\u2019engage \u00e0 ne pas les utiliser et \u00e0 ne permettre \u00e0 quiconque d\u2019utiliser ces contenus \u00e0 des fins ill\u00e9gales.<\/p>\n<p align=\"left\">Toute repr\u00e9sentation ou reproduction, totale ou partielle, permanente ou temporaire, sur un support informatique et\/ou papier, et par quelque proc\u00e9d\u00e9 que ce soit (notamment par voie de framing*), de l\u2019un ou l\u2019autre des \u00e9l\u00e9ments du Site ou des services propos\u00e9s \u00e0 la vente, sans l\u2019accord pr\u00e9alable et expr\u00e8s de Resthoteli\u00e8re n\u00b035 est interdite, et constitue un acte de contrefa\u00e7on, qui pourra entra\u00eener des condamnations civiles et\/ou p\u00e9nales. Seule l\u2019impression papier est autoris\u00e9e aux fins de copie priv\u00e9e \u00e0 l\u2019usage exclusif du copiste au sens de l\u2019article L122-5 2\u00b0 du Code de propri\u00e9t\u00e9 intellectuelle.<\/p>\n<p align=\"left\">Aucun lien hypertexte vers le Site ne peut \u00eatre install\u00e9 sans l\u2019accord pr\u00e9alable et expr\u00e8s de Resthoteli\u00e8re n\u00b035.<\/p>\n<p align=\"left\">*action de capter le contenu de pages d\u2019un site Internet pour le transf\u00e9rer sur son propre site Internet par le biais d\u2019un lien hypertexte, en faisant appara\u00eetre ledit contenu comme le sien.<\/p>\n<p align=\"left\"><b>Protection des donn\u00e9es personnelles<\/b><\/p>\n<p align=\"left\">L\u2019internaute peut \u00eatre amen\u00e9 \u00e0 d\u00e9poser certaines donn\u00e9es personnelles en r\u00e9pondant aux formulaires qui lui sont propos\u00e9s. La saisie de ces donn\u00e9es est n\u00e9cessaire au traitement de la demande de l\u2019internaute, par Resthoteli\u00e8re n\u00b035.<\/p>\n<p align=\"left\">Resthoteli\u00e8re n\u00b035 s\u2019engage \u00e0 respecter les dispositions de la loi n\u00b078-17 du 6 janvier 1978 relative \u00e0 l\u2019informatique, aux fichiers et aux libert\u00e9s modifi\u00e9e et prendre toute pr\u00e9caution n\u00e9cessaire pour pr\u00e9server la s\u00e9curit\u00e9 des informations nominatives confi\u00e9es. Aucune information \u00e0 caract\u00e8re personnel ne sera communiqu\u00e9e \u00e0 des soci\u00e9t\u00e9s tierces sans l\u2019accord pr\u00e9alable et \u00e9clair\u00e9 de l\u2019internaute.<\/p>\n<p align=\"left\">L\u2019internaute peut \u00e0 tout moment exercer son droit d\u2019acc\u00e8s, de rectification, de suppression ou d\u2019opposition concernant les informations qu\u2019il fournit lors de son inscription ou ult\u00e9rieurement, aupr\u00e8s de Resthoteli\u00e8re n\u00b035 par courrier \u00e0 Resthoteli\u00e8re n\u00b035 Avenue Jean Jaur\u00e8s \u2013 RN 49 59600 MAUBEUGE ou par email bestwestern@latelier117.com.<\/p>\n<p align=\"left\"><b>Les Cookies<\/b><\/p>\n<p align=\"left\">Resthoteli\u00e8re n\u00b035 souhaite implanter un cookie dans l\u2019ordinateur de l\u2019Internaute. Un cookie ne permet pas d\u2019identifier l\u2019Internaute. Il cr\u00e9e simplement un num\u00e9ro al\u00e9atoire qui enregistre des informations relatives \u00e0 la navigation de l\u2019ordinateur sur le Site et les contrats souscrits par l\u2019Internaute. La dur\u00e9e de conservation de ces informations est de 1 jour \u00e0 compter de la date de souscription.<\/p>\n<p align=\"left\">Nous vous informons que vous pouvez vous opposer \u00e0 l\u2019enregistrement de \u00ab\u00a0cookies\u00a0\u00bb en configurant votre navigateur de la mani\u00e8re suivante :<\/p>\n<p align=\"left\">Pour Mozilla firefox :<\/p>\n<p align=\"left\">1.Choisissez le menu \u00ab\u00a0outil \u00a0\u00bb puis \u00ab\u00a0Options\u00a0\u00bb<\/p>\n<p align=\"left\">2.Cliquez sur l\u2019ic\u00f4ne \u00ab\u00a0vie priv\u00e9e\u00a0\u00bb<\/p>\n<p align=\"left\">3.Rep\u00e9rez le menu \u00ab\u00a0cookie\u00a0\u00bb et s\u00e9lectionnez les options qui vous conviennen<\/p>\n<p align=\"left\">Pour Microsoft Internet Explorer 6.0 :<\/p>\n<p align=\"left\">1.choisissez le menu \u00ab\u00a0Outils\u00a0\u00bb (ou \u00ab\u00a0Tools\u00a0\u00bb), puis \u00ab\u00a0Options Internet\u00a0\u00bb (ou \u00ab\u00a0Internet Options\u00a0\u00bb).<\/p>\n<p align=\"left\">2.cliquez sur l\u2019onglet \u00ab\u00a0Confidentialit\u00e9\u00a0\u00bb (ou \u00ab\u00a0Confidentiality\u00a0\u00bb)<\/p>\n<p align=\"left\">3.s\u00e9lectionnez le niveau souhait\u00e9 \u00e0 l\u2019aide du curseur.<\/p>\n<p align=\"left\">Pour Microsoft Internet Explorer 5 :<\/p>\n<p align=\"left\">1.choisissez le menu \u00ab\u00a0Outils\u00a0\u00bb (ou \u00ab\u00a0Tools\u00a0\u00bb), puis \u00ab\u00a0Options Internet\u00a0\u00bb (ou \u00ab\u00a0Internet Options\u00a0\u00bb).<\/p>\n<p align=\"left\">2.cliquez sur l\u2019onglet \u00ab\u00a0S\u00e9curit\u00e9\u00a0\u00bb (ou \u00ab\u00a0Security\u00a0\u00bb)<\/p>\n<p align=\"left\">3.s\u00e9lectionnez \u00ab\u00a0Internet\u00a0\u00bb puis \u00ab\u00a0Personnaliser le niveau\u00a0\u00bb (ou \u00ab\u00a0CustomLevel\u00a0\u00bb)<\/p>\n<p align=\"left\">4.rep\u00e9rez la rubrique \u00ab\u00a0cookies\u00a0\u00bb et choisissez l\u2019option qui vous convient<\/p>\n<p align=\"left\">Pour Netscape 6.X et 7. X :<\/p>\n<p align=\"left\">1.choisissez le menu \u00ab\u00a0Edition\u00a0\u00bb&gt;\u00a0\u00bbPr\u00e9f\u00e9rences\u00a0\u00bb<\/p>\n<p align=\"left\">2.Confidentialit\u00e9 et S\u00e9curit\u00e9<\/p>\n<p align=\"left\">3.Cookies<\/p>\n<p align=\"left\">Pour Op\u00e9ra 6.0 et au-del\u00e0 :<\/p>\n<p align=\"left\">1.choisissez le menu \u00ab\u00a0Fichier\u00a0\u00bb&gt;\u00a0\u00bbPr\u00e9f\u00e9rences\u00a0\u00bb<\/p>\n<p align=\"left\">2.Vie Priv\u00e9e<\/p>\n<p align=\"left\"><b>Responsabilit\u00e9<\/b><\/p>\n<p align=\"left\">Resthoteli\u00e8re n\u00b035 d\u00e9cline toute responsabilit\u00e9 quant aux \u00e9ventuels dysfonctionnements pouvant survenir sur le Site et entra\u00eener une perte de donn\u00e9es ou une indisponibilit\u00e9 de l\u2019acc\u00e8s aux informations produites sur celui-ci.<\/p>\n<p align=\"left\">Les \u00e9l\u00e9ments pr\u00e9sent\u00e9s sur le Site sont susceptibles de modification sans pr\u00e9avis et sont mis \u00e0 la disposition des internautes, sans aucune garantie d\u2019aucune sorte, expresse ou tacite.<\/p>\n<p align=\"left\">La pr\u00e9sence de liens hypertextes pr\u00e9sents sur le Site \u2013 quelque soit l\u2019existence pr\u00e9alable ou non de l\u2019accord de Resthoteli\u00e8re n\u00b035 \u2013 ne cr\u00e9e pas une solidarit\u00e9 de responsabilit\u00e9 entre celle-ci et les propri\u00e9taires des autres sites, quant au contenu des sites sur lesquels est redirig\u00e9 l\u2019internaute.<\/p>\n<p align=\"left\">Resthoteli\u00e8re n\u00b035 ne peut garantir l\u2019exhaustivit\u00e9 et la v\u00e9racit\u00e9 des informations pr\u00e9sentes sur le Site. De la m\u00eame mani\u00e8re, il ne peut garantir l\u2019absence de modification par un tiers (intrusion, virus).<\/p>\n<p align=\"left\">En outre, l\u2019internaute est seul responsable de l\u2019utilisation qu\u2019il fait du contenu du Site. Sauf faute grave exclusive de Resthoteli\u00e8re n\u00b035, sa responsabilit\u00e9 ne peut \u00eatre engag\u00e9e que pour des dommages directs li\u00e9s \u00e0 l\u2019utilisation des informations produites sur le Site.<\/p>\n<p align=\"left\"><b>Loi applicable et Comp\u00e9tence judiciaire<\/b><\/p>\n<p align=\"left\">L\u2019ensemble des informations diffus\u00e9 sur le Site et l\u2019utilisation qui en est faite sont soumis exclusivement au droit fran\u00e7ais. Seuls les tribunaux relevant du ressort de la Cour d\u2019appel de Paris sont comp\u00e9tents pour conna\u00eetre des \u00e9ventuels litiges li\u00e9s \u00e0 l\u2019utilisation du Site.<\/p>\n<p align=\"left\">Mise \u00e0 jour le 13novembre 2015<\/p>\n","protected":false},"excerpt":{"rendered":"<p>BEST WESTERN l\u2019Atelier 117, Maubeuge \u2013 Resthoteli\u00e8re n\u00b035 Soci\u00e9t\u00e9 en nom collectif au capital de 105000 euros Avenue Jean Jaur\u00e8s \u2013 RN 49 59600 MAUBEUGE RCS 380 566 810 R.C.S. NANTERRE N\u00b0 TVA Intracom. : FR63380566810 T\u00e9l. : +33 (0)3 27 62 15 00 \u2013 Fax : +33 (0)3 27 65 64 70 La directrice [&hellip;]<\/p>\n","protected":false},"author":531,"featured_media":0,"parent":0,"menu_order":0,"comment_status":"closed","ping_status":"closed","template":"","meta":{"footnotes":""},"class_list":["post-154","page","type-page","status-publish","hentry"],"yoast_head":"<!-- This site is optimized with the Yoast SEO plugin v26.9 - https:\/\/yoast.com\/product\/yoast-seo-wordpress\/ -->\n<title>Legal notice - Best Western l\u2019Atelier 117<\/title>\n<meta name=\"description\" content=\"BEST WESTERN l\u2019Atelier 117, Maubeuge \u2013 Resthoteli\u00e8re n\u00b035 Soci\u00e9t\u00e9 en nom collectif au capital de 105000 euros Avenue Jean Jaur\u00e8s \u2013 RN 49 59600 MAUBEUGE\" \/>\n<meta name=\"robots\" content=\"index, follow, max-snippet:-1, max-image-preview:large, max-video-preview:-1\" \/>\n<link rel=\"canonical\" href=\"https:\/\/www.latelier117.com\/en\/legal-notice\/\" \/>\n<meta property=\"og:locale\" content=\"en_US\" \/>\n<meta property=\"og:type\" content=\"article\" \/>\n<meta property=\"og:title\" content=\"Legal notice - Best Western l\u2019Atelier 117\" \/>\n<meta property=\"og:description\" content=\"BEST WESTERN l\u2019Atelier 117, Maubeuge \u2013 Resthoteli\u00e8re n\u00b035 Soci\u00e9t\u00e9 en nom collectif au capital de 105000 euros Avenue Jean Jaur\u00e8s \u2013 RN 49 59600 MAUBEUGE\" \/>\n<meta property=\"og:url\" content=\"https:\/\/www.latelier117.com\/en\/legal-notice\/\" \/>\n<meta property=\"og:site_name\" content=\"Best Western l\u2019Atelier 117\" \/>\n<meta property=\"article:modified_time\" content=\"2023-02-13T09:58:20+00:00\" \/>\n<meta name=\"twitter:card\" content=\"summary_large_image\" \/>\n<meta name=\"twitter:label1\" content=\"Est. reading time\" \/>\n\t<meta name=\"twitter:data1\" content=\"6 minutes\" \/>\n<script type=\"application\/ld+json\" class=\"yoast-schema-graph\">{\"@context\":\"https:\/\/schema.org\",\"@graph\":[{\"@type\":\"WebPage\",\"@id\":\"https:\/\/www.latelier117.com\/en\/legal-notice\/\",\"url\":\"https:\/\/www.latelier117.com\/en\/legal-notice\/\",\"name\":\"Legal notice - Best Western l\u2019Atelier 117\",\"isPartOf\":{\"@id\":\"https:\/\/www.latelier117.com\/en\/#website\"},\"datePublished\":\"2023-01-18T09:46:28+00:00\",\"dateModified\":\"2023-02-13T09:58:20+00:00\",\"description\":\"BEST WESTERN l\u2019Atelier 117, Maubeuge \u2013 Resthoteli\u00e8re n\u00b035 Soci\u00e9t\u00e9 en nom collectif au capital de 105000 euros Avenue Jean Jaur\u00e8s \u2013 RN 49 59600 MAUBEUGE\",\"breadcrumb\":{\"@id\":\"https:\/\/www.latelier117.com\/en\/legal-notice\/#breadcrumb\"},\"inLanguage\":\"en-US\",\"potentialAction\":[{\"@type\":\"ReadAction\",\"target\":[\"https:\/\/www.latelier117.com\/en\/legal-notice\/\"]}]},{\"@type\":\"BreadcrumbList\",\"@id\":\"https:\/\/www.latelier117.com\/en\/legal-notice\/#breadcrumb\",\"itemListElement\":[{\"@type\":\"ListItem\",\"position\":1,\"name\":\"Accueil\",\"item\":\"https:\/\/www.latelier117.com\/en\/\"},{\"@type\":\"ListItem\",\"position\":2,\"name\":\"Legal notice\"}]},{\"@type\":\"WebSite\",\"@id\":\"https:\/\/www.latelier117.com\/en\/#website\",\"url\":\"https:\/\/www.latelier117.com\/en\/\",\"name\":\"Best Western l\u2019Atelier 117\",\"description\":\"\",\"potentialAction\":[{\"@type\":\"SearchAction\",\"target\":{\"@type\":\"EntryPoint\",\"urlTemplate\":\"https:\/\/www.latelier117.com\/en\/?s={search_term_string}\"},\"query-input\":{\"@type\":\"PropertyValueSpecification\",\"valueRequired\":true,\"valueName\":\"search_term_string\"}}],\"inLanguage\":\"en-US\"}]}<\/script>\n<!-- \/ Yoast SEO plugin. -->","yoast_head_json":{"title":"Legal notice - Best Western l\u2019Atelier 117","description":"BEST WESTERN l\u2019Atelier 117, Maubeuge \u2013 Resthoteli\u00e8re n\u00b035 Soci\u00e9t\u00e9 en nom collectif au capital de 105000 euros Avenue Jean Jaur\u00e8s \u2013 RN 49 59600 MAUBEUGE","robots":{"index":"index","follow":"follow","max-snippet":"max-snippet:-1","max-image-preview":"max-image-preview:large","max-video-preview":"max-video-preview:-1"},"canonical":"https:\/\/www.latelier117.com\/en\/legal-notice\/","og_locale":"en_US","og_type":"article","og_title":"Legal notice - Best Western l\u2019Atelier 117","og_description":"BEST WESTERN l\u2019Atelier 117, Maubeuge \u2013 Resthoteli\u00e8re n\u00b035 Soci\u00e9t\u00e9 en nom collectif au capital de 105000 euros Avenue Jean Jaur\u00e8s \u2013 RN 49 59600 MAUBEUGE","og_url":"https:\/\/www.latelier117.com\/en\/legal-notice\/","og_site_name":"Best Western l\u2019Atelier 117","article_modified_time":"2023-02-13T09:58:20+00:00","twitter_card":"summary_large_image","twitter_misc":{"Est. reading time":"6 minutes"},"schema":{"@context":"https:\/\/schema.org","@graph":[{"@type":"WebPage","@id":"https:\/\/www.latelier117.com\/en\/legal-notice\/","url":"https:\/\/www.latelier117.com\/en\/legal-notice\/","name":"Legal notice - Best Western l\u2019Atelier 117","isPartOf":{"@id":"https:\/\/www.latelier117.com\/en\/#website"},"datePublished":"2023-01-18T09:46:28+00:00","dateModified":"2023-02-13T09:58:20+00:00","description":"BEST WESTERN l\u2019Atelier 117, Maubeuge \u2013 Resthoteli\u00e8re n\u00b035 Soci\u00e9t\u00e9 en nom collectif au capital de 105000 euros Avenue Jean Jaur\u00e8s \u2013 RN 49 59600 MAUBEUGE","breadcrumb":{"@id":"https:\/\/www.latelier117.com\/en\/legal-notice\/#breadcrumb"},"inLanguage":"en-US","potentialAction":[{"@type":"ReadAction","target":["https:\/\/www.latelier117.com\/en\/legal-notice\/"]}]},{"@type":"BreadcrumbList","@id":"https:\/\/www.latelier117.com\/en\/legal-notice\/#breadcrumb","itemListElement":[{"@type":"ListItem","position":1,"name":"Accueil","item":"https:\/\/www.latelier117.com\/en\/"},{"@type":"ListItem","position":2,"name":"Legal notice"}]},{"@type":"WebSite","@id":"https:\/\/www.latelier117.com\/en\/#website","url":"https:\/\/www.latelier117.com\/en\/","name":"Best Western l\u2019Atelier 117","description":"","potentialAction":[{"@type":"SearchAction","target":{"@type":"EntryPoint","urlTemplate":"https:\/\/www.latelier117.com\/en\/?s={search_term_string}"},"query-input":{"@type":"PropertyValueSpecification","valueRequired":true,"valueName":"search_term_string"}}],"inLanguage":"en-US"}]}},"acf":[],"_links":{"self":[{"href":"https:\/\/www.latelier117.com\/en\/wp-json\/wp\/v2\/pages\/154","targetHints":{"allow":["GET"]}}],"collection":[{"href":"https:\/\/www.latelier117.com\/en\/wp-json\/wp\/v2\/pages"}],"about":[{"href":"https:\/\/www.latelier117.com\/en\/wp-json\/wp\/v2\/types\/page"}],"author":[{"embeddable":true,"href":"https:\/\/www.latelier117.com\/en\/wp-json\/wp\/v2\/users\/531"}],"replies":[{"embeddable":true,"href":"https:\/\/www.latelier117.com\/en\/wp-json\/wp\/v2\/comments?post=154"}],"version-history":[{"count":0,"href":"https:\/\/www.latelier117.com\/en\/wp-json\/wp\/v2\/pages\/154\/revisions"}],"wp:attachment":[{"href":"https:\/\/www.latelier117.com\/en\/wp-json\/wp\/v2\/media?parent=154"}],"curies":[{"name":"wp","href":"https:\/\/api.w.org\/{rel}","templated":true}]}}